{"id":117,"date":"2024-03-29T17:35:43","date_gmt":"2024-03-29T16:35:43","guid":{"rendered":"https:\/\/thepoisonedrat.com\/?page_id=117"},"modified":"2024-03-29T17:35:44","modified_gmt":"2024-03-29T16:35:44","slug":"about-us","status":"publish","type":"page","link":"https:\/\/thepoisonedrat.com\/sr\/about-us\/","title":{"rendered":"o nama"},"content":{"rendered":"\n<div class=\"wp-block-bogo-language-switcher\"><ul class=\"bogo-language-switcher list-view\"><li class=\"en-GB en first\"><span class=\"bogoflags bogoflags-gb\"><\/span> <span class=\"bogo-language-name\"><a rel=\"alternate\" hreflang=\"en-GB\" href=\"https:\/\/thepoisonedrat.com\/wp-json\/wp\/v2\/pages\/117\/\" title=\"English\">English<\/a><\/span><\/li>\n<li class=\"sr-RS sr current last\"><span class=\"bogoflags bogoflags-rs\"><\/span> <span class=\"bogo-language-name\"><a rel=\"alternate\" hreflang=\"sr-RS\" href=\"https:\/\/thepoisonedrat.com\/sr\/wp-json\/wp\/v2\/pages\/117\/\" title=\"Serbian\" class=\"current\" aria-current=\"page\">\u0421\u0440\u043f\u0441\u043a\u0438 \u0458\u0435\u0437\u0438\u043a<\/a><\/span><\/li>\n<\/ul><\/div>\n\n\n\n<div class=\"wp-block-media-text alignfull has-media-on-the-right is-stacked-on-mobile is-vertically-aligned-top has-color-dark-background-color has-text-color has-background has-link-color wp-elements-0a8c3964e914f20b4146746ee5b9d77e\" style=\"color:#fffdc7;grid-template-columns:auto 52%\"><div class=\"wp-block-media-text__content\">\n<div class=\"wp-block-group has-link-color wp-elements-aa79d8a12ec2f1d4d5954fdfaa7b1855 is-layout-flow wp-block-group-is-layout-flow\" style=\"padding-top:2em;padding-right:2em;padding-bottom:2em;padding-left:2em\">\n<h2 class=\"wp-block-heading\" style=\"font-size:48px;font-weight:700;line-height:1.15\">Dobrodo\u0161li u klasi\u010dnu berbernicu Trovani Pacov<\/h2>\n<\/div>\n<\/div><figure class=\"wp-block-media-text__media\"><img loading=\"lazy\" decoding=\"async\" width=\"683\" height=\"1024\" data-src=\"https:\/\/thepoisonedrat.com\/wp-content\/uploads\/2024\/03\/A_815A3052-683x1024.jpg\" alt=\"\" class=\"wp-image-33 size-full lazyload\" data-srcset=\"https:\/\/thepoisonedrat.com\/wp-content\/uploads\/2024\/03\/A_815A3052-683x1024.jpg 683w, https:\/\/thepoisonedrat.com\/wp-content\/uploads\/2024\/03\/A_815A3052-200x300.jpg 200w, https:\/\/thepoisonedrat.com\/wp-content\/uploads\/2024\/03\/A_815A3052-768x1152.jpg 768w, https:\/\/thepoisonedrat.com\/wp-content\/uploads\/2024\/03\/A_815A3052-1024x1536.jpg 1024w, https:\/\/thepoisonedrat.com\/wp-content\/uploads\/2024\/03\/A_815A3052-1366x2048.jpg 1366w, https:\/\/thepoisonedrat.com\/wp-content\/uploads\/2024\/03\/A_815A3052-scaled.jpg 1707w\" data-sizes=\"(max-width: 683px) 100vw, 683px\" src=\"data:image\/gif;base64,R0lGODlhAQABAAAAACH5BAEKAAEALAAAAAABAAEAAAICTAEAOw==\" style=\"--smush-placeholder-width: 683px; --smush-placeholder-aspect-ratio: 683\/1024;\" \/><noscript><img loading=\"lazy\" decoding=\"async\" width=\"683\" height=\"1024\" src=\"https:\/\/thepoisonedrat.com\/wp-content\/uploads\/2024\/03\/A_815A3052-683x1024.jpg\" alt=\"\" class=\"wp-image-33 size-full\" srcset=\"https:\/\/thepoisonedrat.com\/wp-content\/uploads\/2024\/03\/A_815A3052-683x1024.jpg 683w, https:\/\/thepoisonedrat.com\/wp-content\/uploads\/2024\/03\/A_815A3052-200x300.jpg 200w, https:\/\/thepoisonedrat.com\/wp-content\/uploads\/2024\/03\/A_815A3052-768x1152.jpg 768w, https:\/\/thepoisonedrat.com\/wp-content\/uploads\/2024\/03\/A_815A3052-1024x1536.jpg 1024w, https:\/\/thepoisonedrat.com\/wp-content\/uploads\/2024\/03\/A_815A3052-1366x2048.jpg 1366w, https:\/\/thepoisonedrat.com\/wp-content\/uploads\/2024\/03\/A_815A3052-scaled.jpg 1707w\" sizes=\"(max-width: 683px) 100vw, 683px\" \/><\/noscript><\/figure><\/div>\n\n\n\n<div class=\"wp-block-group alignfull has-foreground-color has-color-dark-background-color has-text-color has-background has-link-color wp-elements-87370933d9c109fbe023facc2a0a2499 is-layout-flow wp-block-group-is-layout-flow\" style=\"padding-top:6vw;padding-right:6vw;padding-bottom:6vw;padding-left:6vw\">\n<div style=\"height:1vw\" aria-hidden=\"true\" class=\"wp-block-spacer\"><\/div>\n\n\n\n<div class=\"wp-block-group alignwide is-vertical is-nowrap is-layout-flex wp-container-core-group-is-layout-2 wp-block-group-is-layout-flex\" style=\"padding-top:0;padding-right:0;padding-bottom:0;padding-left:0\">\n<div class=\"wp-block-columns alignwide is-layout-flex wp-container-core-columns-is-layout-1 wp-block-columns-is-layout-flex\">\n<div class=\"wp-block-column is-layout-flow wp-block-column-is-layout-flow\" style=\"flex-basis:33.38%\">\n<p class=\"has-foreground-color has-text-color\" style=\"font-size:17px\">The Poisoned Rat Classic Barber je prva &#8222;old school&#8220; berbernica u Ni\u0161u, koja je specijalizovana za sve vrste klasi\u010dnich frizura i brijanja britvom i vru\u0107im pe\u0161kirom. Vratili smo ponovo u \u017eivot tradicionnalni i &#8222;vintage&#8220; stil, gde se kvalitet ceni mnogo vi\u0161e nego kvantitet, u opu\u0161tenoj ku\u0107noj atmosferi sa rock&#8217;n&#8217;roll, jazz, funk vibracijama.<\/p>\n<\/div>\n\n\n\n<div class=\"wp-block-column is-layout-flow wp-block-column-is-layout-flow\" style=\"flex-basis:33%\">\n<div style=\"height:2vw\" aria-hidden=\"true\" class=\"wp-block-spacer\"><\/div>\n\n\n\n<figure class=\"wp-block-image size-large\"><img loading=\"lazy\" decoding=\"async\" width=\"683\" height=\"1024\" data-src=\"https:\/\/thepoisonedrat.com\/wp-content\/uploads\/2024\/03\/A_815A2674-683x1024.jpg\" alt=\"\" class=\"wp-image-41 lazyload\" data-srcset=\"https:\/\/thepoisonedrat.com\/wp-content\/uploads\/2024\/03\/A_815A2674-683x1024.jpg 683w, https:\/\/thepoisonedrat.com\/wp-content\/uploads\/2024\/03\/A_815A2674-200x300.jpg 200w, https:\/\/thepoisonedrat.com\/wp-content\/uploads\/2024\/03\/A_815A2674-768x1152.jpg 768w, https:\/\/thepoisonedrat.com\/wp-content\/uploads\/2024\/03\/A_815A2674-1024x1536.jpg 1024w, https:\/\/thepoisonedrat.com\/wp-content\/uploads\/2024\/03\/A_815A2674-1366x2048.jpg 1366w, https:\/\/thepoisonedrat.com\/wp-content\/uploads\/2024\/03\/A_815A2674-scaled.jpg 1707w\" data-sizes=\"(max-width: 683px) 100vw, 683px\" src=\"data:image\/gif;base64,R0lGODlhAQABAAAAACH5BAEKAAEALAAAAAABAAEAAAICTAEAOw==\" style=\"--smush-placeholder-width: 683px; --smush-placeholder-aspect-ratio: 683\/1024;\" \/><noscript><img loading=\"lazy\" decoding=\"async\" width=\"683\" height=\"1024\" src=\"https:\/\/thepoisonedrat.com\/wp-content\/uploads\/2024\/03\/A_815A2674-683x1024.jpg\" alt=\"\" class=\"wp-image-41\" srcset=\"https:\/\/thepoisonedrat.com\/wp-content\/uploads\/2024\/03\/A_815A2674-683x1024.jpg 683w, https:\/\/thepoisonedrat.com\/wp-content\/uploads\/2024\/03\/A_815A2674-200x300.jpg 200w, https:\/\/thepoisonedrat.com\/wp-content\/uploads\/2024\/03\/A_815A2674-768x1152.jpg 768w, https:\/\/thepoisonedrat.com\/wp-content\/uploads\/2024\/03\/A_815A2674-1024x1536.jpg 1024w, https:\/\/thepoisonedrat.com\/wp-content\/uploads\/2024\/03\/A_815A2674-1366x2048.jpg 1366w, https:\/\/thepoisonedrat.com\/wp-content\/uploads\/2024\/03\/A_815A2674-scaled.jpg 1707w\" sizes=\"(max-width: 683px) 100vw, 683px\" \/><\/noscript><\/figure>\n<\/div>\n\n\n\n<div class=\"wp-block-column is-layout-flow wp-block-column-is-layout-flow\" style=\"flex-basis:33.62%\">\n<figure class=\"wp-block-image size-large\"><img loading=\"lazy\" decoding=\"async\" width=\"683\" height=\"1024\" data-src=\"https:\/\/thepoisonedrat.com\/wp-content\/uploads\/2024\/03\/A_815A2662-1-683x1024.jpg\" alt=\"\" class=\"wp-image-42 lazyload\" data-srcset=\"https:\/\/thepoisonedrat.com\/wp-content\/uploads\/2024\/03\/A_815A2662-1-683x1024.jpg 683w, https:\/\/thepoisonedrat.com\/wp-content\/uploads\/2024\/03\/A_815A2662-1-200x300.jpg 200w, https:\/\/thepoisonedrat.com\/wp-content\/uploads\/2024\/03\/A_815A2662-1-768x1152.jpg 768w, https:\/\/thepoisonedrat.com\/wp-content\/uploads\/2024\/03\/A_815A2662-1-1024x1536.jpg 1024w, https:\/\/thepoisonedrat.com\/wp-content\/uploads\/2024\/03\/A_815A2662-1-1366x2048.jpg 1366w, https:\/\/thepoisonedrat.com\/wp-content\/uploads\/2024\/03\/A_815A2662-1-scaled.jpg 1707w\" data-sizes=\"(max-width: 683px) 100vw, 683px\" src=\"data:image\/gif;base64,R0lGODlhAQABAAAAACH5BAEKAAEALAAAAAABAAEAAAICTAEAOw==\" style=\"--smush-placeholder-width: 683px; --smush-placeholder-aspect-ratio: 683\/1024;\" \/><noscript><img loading=\"lazy\" decoding=\"async\" width=\"683\" height=\"1024\" src=\"https:\/\/thepoisonedrat.com\/wp-content\/uploads\/2024\/03\/A_815A2662-1-683x1024.jpg\" alt=\"\" class=\"wp-image-42\" srcset=\"https:\/\/thepoisonedrat.com\/wp-content\/uploads\/2024\/03\/A_815A2662-1-683x1024.jpg 683w, https:\/\/thepoisonedrat.com\/wp-content\/uploads\/2024\/03\/A_815A2662-1-200x300.jpg 200w, https:\/\/thepoisonedrat.com\/wp-content\/uploads\/2024\/03\/A_815A2662-1-768x1152.jpg 768w, https:\/\/thepoisonedrat.com\/wp-content\/uploads\/2024\/03\/A_815A2662-1-1024x1536.jpg 1024w, https:\/\/thepoisonedrat.com\/wp-content\/uploads\/2024\/03\/A_815A2662-1-1366x2048.jpg 1366w, https:\/\/thepoisonedrat.com\/wp-content\/uploads\/2024\/03\/A_815A2662-1-scaled.jpg 1707w\" sizes=\"(max-width: 683px) 100vw, 683px\" \/><\/noscript><\/figure>\n<\/div>\n<\/div>\n\n\n\n<div class=\"wp-block-columns alignwide is-layout-flex wp-container-core-columns-is-layout-2 wp-block-columns-is-layout-flex\">\n<div class=\"wp-block-column is-layout-flow wp-block-column-is-layout-flow\" style=\"flex-basis:69%\">\n<figure class=\"wp-block-image size-large\"><img loading=\"lazy\" decoding=\"async\" width=\"1024\" height=\"877\" data-src=\"https:\/\/thepoisonedrat.com\/wp-content\/uploads\/2024\/03\/PHOTO-2024-02-28-18-53-22-4-1024x877.jpg\" alt=\"\" class=\"wp-image-43 lazyload\" data-srcset=\"https:\/\/thepoisonedrat.com\/wp-content\/uploads\/2024\/03\/PHOTO-2024-02-28-18-53-22-4-1024x877.jpg 1024w, https:\/\/thepoisonedrat.com\/wp-content\/uploads\/2024\/03\/PHOTO-2024-02-28-18-53-22-4-300x257.jpg 300w, https:\/\/thepoisonedrat.com\/wp-content\/uploads\/2024\/03\/PHOTO-2024-02-28-18-53-22-4-768x658.jpg 768w, https:\/\/thepoisonedrat.com\/wp-content\/uploads\/2024\/03\/PHOTO-2024-02-28-18-53-22-4-1536x1316.jpg 1536w, https:\/\/thepoisonedrat.com\/wp-content\/uploads\/2024\/03\/PHOTO-2024-02-28-18-53-22-4.jpg 2048w\" data-sizes=\"(max-width: 1024px) 100vw, 1024px\" src=\"data:image\/gif;base64,R0lGODlhAQABAAAAACH5BAEKAAEALAAAAAABAAEAAAICTAEAOw==\" style=\"--smush-placeholder-width: 1024px; --smush-placeholder-aspect-ratio: 1024\/877;\" \/><noscript><img loading=\"lazy\" decoding=\"async\" width=\"1024\" height=\"877\" src=\"https:\/\/thepoisonedrat.com\/wp-content\/uploads\/2024\/03\/PHOTO-2024-02-28-18-53-22-4-1024x877.jpg\" alt=\"\" class=\"wp-image-43\" srcset=\"https:\/\/thepoisonedrat.com\/wp-content\/uploads\/2024\/03\/PHOTO-2024-02-28-18-53-22-4-1024x877.jpg 1024w, https:\/\/thepoisonedrat.com\/wp-content\/uploads\/2024\/03\/PHOTO-2024-02-28-18-53-22-4-300x257.jpg 300w, https:\/\/thepoisonedrat.com\/wp-content\/uploads\/2024\/03\/PHOTO-2024-02-28-18-53-22-4-768x658.jpg 768w, https:\/\/thepoisonedrat.com\/wp-content\/uploads\/2024\/03\/PHOTO-2024-02-28-18-53-22-4-1536x1316.jpg 1536w, https:\/\/thepoisonedrat.com\/wp-content\/uploads\/2024\/03\/PHOTO-2024-02-28-18-53-22-4.jpg 2048w\" sizes=\"(max-width: 1024px) 100vw, 1024px\" \/><\/noscript><\/figure>\n<\/div>\n\n\n\n<div class=\"wp-block-column is-vertically-aligned-center is-layout-flow wp-block-column-is-layout-flow\" style=\"flex-basis:33%\">\n<div style=\"height:2vw\" aria-hidden=\"true\" class=\"wp-block-spacer\"><\/div>\n\n\n\n<p class=\"has-text-color\" style=\"color:#000000;font-size:17px\">Undoubtedly we have no questions to ask which are unanswerable. We must trust the perfection of the creation so far, as to believe that whatever curiosity the order of things has awakened in our minds, the order of things can satisfy. Every man&#8217;s condition is a solution in hieroglyphic to those inquiries he would put.<\/p>\n<\/div>\n<\/div>\n<\/div>\n<\/div>\n","protected":false},"excerpt":{"rendered":"<p>The Poisoned Rat Classic Barber je prva &#8222;old school&#8220; berbernica u Ni\u0161u, koja je specijalizovana za sve vrste klasi\u010dnich frizura i brijanja britvom i vru\u0107im pe\u0161kirom. Vratili smo ponovo u \u017eivot tradicionnalni i &#8222;vintage&#8220; stil, gde se kvalitet ceni mnogo vi\u0161e nego kvantitet, u opu\u0161tenoj ku\u0107noj atmosferi sa rock&#8217;n&#8217;roll, jazz, funk vibracijama. Undoubtedly we have [&hellip;]<\/p>\n","protected":false},"author":1,"featured_media":0,"parent":0,"menu_order":0,"comment_status":"closed","ping_status":"closed","template":"","meta":{"om_disable_all_campaigns":false,"_monsterinsights_skip_tracking":false,"_monsterinsights_sitenote_active":false,"_monsterinsights_sitenote_note":"","_monsterinsights_sitenote_category":0,"_uf_show_specific_survey":0,"_uf_disable_surveys":false,"_locale":"sr_RS","_original_post":"https:\/\/thepoisonedrat.com\/?page_id=37","footnotes":""},"jetpack_sharing_enabled":true,"_links":{"self":[{"href":"https:\/\/thepoisonedrat.com\/wp-json\/wp\/v2\/pages\/117"}],"collection":[{"href":"https:\/\/thepoisonedrat.com\/wp-json\/wp\/v2\/pages"}],"about":[{"href":"https:\/\/thepoisonedrat.com\/wp-json\/wp\/v2\/types\/page"}],"author":[{"embeddable":true,"href":"https:\/\/thepoisonedrat.com\/wp-json\/wp\/v2\/users\/1"}],"replies":[{"embeddable":true,"href":"https:\/\/thepoisonedrat.com\/wp-json\/wp\/v2\/comments?post=117"}],"version-history":[{"count":3,"href":"https:\/\/thepoisonedrat.com\/wp-json\/wp\/v2\/pages\/117\/revisions"}],"predecessor-version":[{"id":151,"href":"https:\/\/thepoisonedrat.com\/wp-json\/wp\/v2\/pages\/117\/revisions\/151"}],"wp:attachment":[{"href":"https:\/\/thepoisonedrat.com\/wp-json\/wp\/v2\/media?parent=117"}],"curies":[{"name":"wp","href":"https:\/\/api.w.org\/{rel}","templated":true}]}}