{"id":115,"date":"2024-03-29T17:29:11","date_gmt":"2024-03-29T16:29:11","guid":{"rendered":"https:\/\/thepoisonedrat.com\/?page_id=115"},"modified":"2024-03-29T17:32:37","modified_gmt":"2024-03-29T16:32:37","slug":"service","status":"publish","type":"page","link":"https:\/\/thepoisonedrat.com\/sr\/service\/","title":{"rendered":"usluge"},"content":{"rendered":"\n<div class=\"wp-block-bogo-language-switcher\"><ul class=\"bogo-language-switcher list-view\"><li class=\"en-GB en first\"><span class=\"bogoflags bogoflags-gb\"><\/span> <span class=\"bogo-language-name\"><a rel=\"alternate\" hreflang=\"en-GB\" href=\"https:\/\/thepoisonedrat.com\/wp-json\/wp\/v2\/pages\/115\/\" title=\"English\">English<\/a><\/span><\/li>\n<li class=\"sr-RS sr current last\"><span class=\"bogoflags bogoflags-rs\"><\/span> <span class=\"bogo-language-name\"><a rel=\"alternate\" hreflang=\"sr-RS\" href=\"https:\/\/thepoisonedrat.com\/sr\/wp-json\/wp\/v2\/pages\/115\/\" title=\"Serbian\" class=\"current\" aria-current=\"page\">\u0421\u0440\u043f\u0441\u043a\u0438 \u0458\u0435\u0437\u0438\u043a<\/a><\/span><\/li>\n<\/ul><\/div>\n\n\n\n<figure class=\"wp-block-table is-style-stripes\"><table class=\"has-foreground-color has-text-color has-link-color\"><tbody><tr><td>\u0160I\u0160ANJE OBI\u010cNO (KEC &#8211; TROJKA, KEC &#8211; \u010cETVORKA)<\/td><td>700<\/td><\/tr><tr><td>\u0160I\u0160ANJE OBI\u010cNO + TRIMOVANJE KRATKE BRADE<\/td><td>1,000<\/td><\/tr><tr><td>\u0160I\u0160ANJE OBI\u010cNO + SREDJIVANJE DUGE BRADE<\/td><td>1,200<\/td><\/tr><tr><td>FADE (POSTEPENO OD 0-9 MM), TAPER FADE<\/td><td>950<\/td><\/tr><tr><td>FADE + TRIMOVANJE KRATKE BRADE (0.5, 3, 6 MM)<\/td><td>1,250<\/td><\/tr><tr><td>FADE + SREDJIVANJE DUGE BRADE<\/td><td>1,450<\/td><\/tr><tr><td>BRIJANJE GLAVE BRITVOM, VRU\u0106 PE\u0160KIR<\/td><td>650<\/td><\/tr><tr><td>NULARICA (TRIMEROM NA NULU, BRADA ILI KOSA)<\/td><td>350<\/td><\/tr><tr><td>TRIMOVANJE KRATKE BRADE (0.5, 3, 6 MM)<\/td><td>450<\/td><\/tr><tr><td>SREDJIVANJE DUGE BRADE<\/td><td>650<\/td><\/tr><tr><td>BRIJANJE BRADE BRITVOM, VRU\u0106 PE\u0160KIR<\/td><td>750<\/td><\/tr><tr><td>KLASI\u010cNO \u0160I\u0160ANJE MAKAZAMA<\/td><td>1,050<\/td><\/tr><tr><td>RETRO FRIZURE MAKAZAMA I STILIZIRANJE<br>(ELVIS PRESLEY POMPADOUR)<\/td><td>1,200<\/td><\/tr><\/tbody><\/table><\/figure>\n","protected":false},"excerpt":{"rendered":"<p>\u0160I\u0160ANJE OBI\u010cNO (KEC &#8211; TROJKA, KEC &#8211; \u010cETVORKA) 700 \u0160I\u0160ANJE OBI\u010cNO + TRIMOVANJE KRATKE BRADE 1,000 \u0160I\u0160ANJE OBI\u010cNO + SREDJIVANJE DUGE BRADE 1,200 FADE (POSTEPENO OD 0-9 MM), TAPER FADE 950 FADE + TRIMOVANJE KRATKE BRADE (0.5, 3, 6 MM) 1,250 FADE + SREDJIVANJE DUGE BRADE 1,450 BRIJANJE GLAVE BRITVOM, VRU\u0106 PE\u0160KIR 650 NULARICA (TRIMEROM [&hellip;]<\/p>\n","protected":false},"author":1,"featured_media":0,"parent":0,"menu_order":0,"comment_status":"closed","ping_status":"closed","template":"","meta":{"om_disable_all_campaigns":false,"_monsterinsights_skip_tracking":false,"_monsterinsights_sitenote_active":false,"_monsterinsights_sitenote_note":"","_monsterinsights_sitenote_category":0,"_uf_show_specific_survey":0,"_uf_disable_surveys":false,"_locale":"sr_RS","_original_post":"https:\/\/thepoisonedrat.com\/?page_id=91","footnotes":""},"jetpack_sharing_enabled":true,"_links":{"self":[{"href":"https:\/\/thepoisonedrat.com\/wp-json\/wp\/v2\/pages\/115"}],"collection":[{"href":"https:\/\/thepoisonedrat.com\/wp-json\/wp\/v2\/pages"}],"about":[{"href":"https:\/\/thepoisonedrat.com\/wp-json\/wp\/v2\/types\/page"}],"author":[{"embeddable":true,"href":"https:\/\/thepoisonedrat.com\/wp-json\/wp\/v2\/users\/1"}],"replies":[{"embeddable":true,"href":"https:\/\/thepoisonedrat.com\/wp-json\/wp\/v2\/comments?post=115"}],"version-history":[{"count":4,"href":"https:\/\/thepoisonedrat.com\/wp-json\/wp\/v2\/pages\/115\/revisions"}],"predecessor-version":[{"id":148,"href":"https:\/\/thepoisonedrat.com\/wp-json\/wp\/v2\/pages\/115\/revisions\/148"}],"wp:attachment":[{"href":"https:\/\/thepoisonedrat.com\/wp-json\/wp\/v2\/media?parent=115"}],"curies":[{"name":"wp","href":"https:\/\/api.w.org\/{rel}","templated":true}]}}